{"id":496,"date":"2020-11-23T01:21:08","date_gmt":"2020-11-22T22:21:08","guid":{"rendered":"https:\/\/demo.ovatheme.com\/mistercar\/?page_id=496"},"modified":"2023-05-20T11:28:07","modified_gmt":"2023-05-20T08:28:07","slug":"anasayfa","status":"publish","type":"page","link":"https:\/\/www.cankayahaliyikama.net\/","title":{"rendered":"Anasayfa"},"content":{"rendered":"\t\t<div data-elementor-type=\"wp-page\" data-elementor-id=\"496\" class=\"elementor elementor-496\">\n\t\t\t\t\t\t<section class=\"elementor-section elementor-top-section elementor-element elementor-element-e4f6b07 elementor-section-boxed elementor-section-height-default elementor-section-height-default\" data-id=\"e4f6b07\" data-element_type=\"section\">\n\t\t\t\t\t\t<div class=\"elementor-container elementor-column-gap-default\">\n\t\t\t\t\t<div class=\"elementor-column elementor-col-100 elementor-top-column elementor-element elementor-element-ca68cdb\" data-id=\"ca68cdb\" data-element_type=\"column\">\n\t\t\t<div class=\"elementor-widget-wrap elementor-element-populated\">\n\t\t\t\t\t\t<div class=\"elementor-element elementor-element-1c36386 elementor-widget elementor-widget-slider_revolution\" data-id=\"1c36386\" data-element_type=\"widget\" data-widget_type=\"slider_revolution.default\">\n\t\t\t\t<div class=\"elementor-widget-container\">\n\t\t\t\n\t\t<div class=\"wp-block-themepunch-revslider\">\n\t\t\t<!-- START Slider 1 REVOLUTION SLIDER 6.7.10 --><p class=\"rs-p-wp-fix\"><\/p>\n\t\t\t<rs-module-wrap id=\"rev_slider_1_1_wrapper\" data-source=\"gallery\" style=\"visibility:hidden;background:transparent;padding:0;margin:0px auto;margin-top:0;margin-bottom:0;\">\n\t\t\t\t<rs-module id=\"rev_slider_1_1\" style=\"\" data-version=\"6.7.10\">\n\t\t\t\t\t<rs-slides style=\"overflow: hidden; position: absolute;\">\n\t\t\t\t\t\t<rs-slide style=\"position: absolute;\" data-key=\"rs-1\" data-title=\"Slide\" data-in=\"o:0;\" data-out=\"a:false;\">\n\t\t\t\t\t\t\t<img fetchpriority=\"high\" decoding=\"async\" src=\"\/\/www.cankayahaliyikama.net\/wp-content\/plugins\/revslider\/sr6\/assets\/assets\/dummy.png\" alt=\"\" title=\"zxs\" width=\"1920\" height=\"846\" class=\"rev-slidebg tp-rs-img rs-lazyload\" data-lazyload=\"\/\/www.cankayahaliyikama.net\/wp-content\/uploads\/2020\/11\/zxs.jpg\" data-no-retina>\n<!--\n\t\t\t\t\t\t\t--><rs-layer\n\t\t\t\t\t\t\t\tid=\"slider-1-slide-1-layer-3\" \n\t\t\t\t\t\t\t\tdata-type=\"text\"\n\t\t\t\t\t\t\t\tdata-color=\"#fff\"\n\t\t\t\t\t\t\t\tdata-rsp_ch=\"on\"\n\t\t\t\t\t\t\t\tdata-xy=\"xo:708px,708px,443px,273px;y:m;yo:-35px,-35px,-21px,-12px;\"\n\t\t\t\t\t\t\t\tdata-text=\"w:normal;s:40,40,25,15;l:50,50,31,19;fw:900;\"\n\t\t\t\t\t\t\t\tdata-dim=\"minh:0px,0px,none,none;\"\n\t\t\t\t\t\t\t\tdata-frame_0=\"x:50,50,31,19;\"\n\t\t\t\t\t\t\t\tdata-frame_1=\"sp:2000;\"\n\t\t\t\t\t\t\t\tdata-frame_999=\"o:0;st:w;\"\n\t\t\t\t\t\t\t\tstyle=\"z-index:9;font-family:'Roboto';text-transform:uppercase;\"\n\t\t\t\t\t\t\t>\u00c7ankaya Hal\u0131 Y\u0131kama; <br \/>H\u0131zl\u0131 ve d\u00fcr\u00fcst \u00e7al\u0131\u015fma<br \/> ana hedefimizdir. \n\t\t\t\t\t\t\t<\/rs-layer><!--\n-->\t\t\t\t\t<\/rs-slide>\n\t\t\t\t\t<\/rs-slides>\n\t\t\t\t<\/rs-module>\n\t\t\t\t<script>\n\t\t\t\t\tsetREVStartSize({c: 'rev_slider_1_1',rl:[1240,1240,778,480],el:[900,900,960,720],gw:[1240,1240,778,480],gh:[900,900,960,720],type:'standard',justify:'',layout:'fullwidth',mh:\"0\"});if (window.RS_MODULES!==undefined && window.RS_MODULES.modules!==undefined && window.RS_MODULES.modules[\"revslider11\"]!==undefined) {window.RS_MODULES.modules[\"revslider11\"].once = false;window.revapi1 = undefined;if (window.RS_MODULES.checkMinimal!==undefined) window.RS_MODULES.checkMinimal()}\n\t\t\t\t<\/script>\n\t\t\t<\/rs-module-wrap>\n\t\t\t<!-- END REVOLUTION SLIDER -->\n<\/div>\n\n\t\t\t\t<\/div>\n\t\t\t\t<\/div>\n\t\t\t\t\t<\/div>\n\t\t<\/div>\n\t\t\t\t\t<\/div>\n\t\t<\/section>\n\t\t\t\t<section class=\"elementor-section elementor-top-section elementor-element elementor-element-141fec3 elementor-section-boxed elementor-section-height-default elementor-section-height-default\" data-id=\"141fec3\" data-element_type=\"section\">\n\t\t\t\t\t\t<div class=\"elementor-container elementor-column-gap-default\">\n\t\t\t\t\t<div class=\"elementor-column elementor-col-100 elementor-top-column elementor-element elementor-element-5c5da54\" data-id=\"5c5da54\" data-element_type=\"column\">\n\t\t\t<div class=\"elementor-widget-wrap elementor-element-populated\">\n\t\t\t\t\t\t<section class=\"elementor-section elementor-inner-section elementor-element elementor-element-8f654e7 elementor-section-boxed elementor-section-height-default elementor-section-height-default\" data-id=\"8f654e7\" data-element_type=\"section\">\n\t\t\t\t\t\t<div class=\"elementor-container elementor-column-gap-default\">\n\t\t\t\t\t<div class=\"elementor-column elementor-col-33 elementor-inner-column elementor-element elementor-element-2b32609\" data-id=\"2b32609\" data-element_type=\"column\">\n\t\t\t<div class=\"elementor-widget-wrap elementor-element-populated\">\n\t\t\t\t\t\t<div class=\"elementor-element elementor-element-12dc6f6 elementor-widget elementor-widget-ova_box_feature_1\" data-id=\"12dc6f6\" data-element_type=\"widget\" data-widget_type=\"ova_box_feature_1.default\">\n\t\t\t\t<div class=\"elementor-widget-container\">\n\t\t\t\n\t\t\t\t\t<a href=\"#\"  >\n\t\t\t\t<div class=\"ova_box_feature_1 version_2 \">\n\t\t\t\t\t<div class=\"item\">\n\t\t\t\t\t\t<div class=\"icon\">\n\t\t\t\t\t\t\t\t\t\t\t\t\t\t\t<i class=\"flaticon-spray\"><\/i>\n\t\t\t\t\t\t\t\n\t\t\t\t\t\t\t\t\t\t\t\t\t\t\t<h1 class=\"number\">01<\/h1>\n\t\t\t\t\t\t\t\t\t\t\t\t\t<\/div>\n\t\t\t\t\t\t\n\t\t\t\t\t\t\t\t\t\t\t\t\t<div class=\"title\">\n\t\t\t\t\t\t\t\t<p class=\"second_font\">M\u00fc\u015fteri Memnuniyeti<\/p>\n\t\t\t\t\t\t\t<\/div>\n\t\t\t\t\t\t\t\t\t\t\t<\/div>\n\t\t\t\t<\/div>\n\t\t\t<\/a>\n\t\t\t\t<\/div>\n\t\t\t\t<\/div>\n\t\t\t\t\t<\/div>\n\t\t<\/div>\n\t\t\t\t<div class=\"elementor-column elementor-col-33 elementor-inner-column elementor-element elementor-element-728cadc\" data-id=\"728cadc\" data-element_type=\"column\">\n\t\t\t<div class=\"elementor-widget-wrap elementor-element-populated\">\n\t\t\t\t\t\t<div class=\"elementor-element elementor-element-837b304 elementor-widget elementor-widget-ova_box_feature_1\" data-id=\"837b304\" data-element_type=\"widget\" data-widget_type=\"ova_box_feature_1.default\">\n\t\t\t\t<div class=\"elementor-widget-container\">\n\t\t\t\n\t\t\t\t\t<a href=\"#\"  >\n\t\t\t\t<div class=\"ova_box_feature_1 version_2 \">\n\t\t\t\t\t<div class=\"item\">\n\t\t\t\t\t\t<div class=\"icon\">\n\t\t\t\t\t\t\t\t\t\t\t\t\t\t\t<i class=\"flaticon-vacuum-cleaner\"><\/i>\n\t\t\t\t\t\t\t\n\t\t\t\t\t\t\t\t\t\t\t\t\t\t\t<h1 class=\"number\">02<\/h1>\n\t\t\t\t\t\t\t\t\t\t\t\t\t<\/div>\n\t\t\t\t\t\t\n\t\t\t\t\t\t\t\t\t\t\t\t\t<div class=\"title\">\n\t\t\t\t\t\t\t\t<p class=\"second_font\">Modern ekipman ile y\u0131kama<\/p>\n\t\t\t\t\t\t\t<\/div>\n\t\t\t\t\t\t\t\t\t\t\t<\/div>\n\t\t\t\t<\/div>\n\t\t\t<\/a>\n\t\t\t\t<\/div>\n\t\t\t\t<\/div>\n\t\t\t\t\t<\/div>\n\t\t<\/div>\n\t\t\t\t<div class=\"elementor-column elementor-col-33 elementor-inner-column elementor-element elementor-element-0ffffff\" data-id=\"0ffffff\" data-element_type=\"column\">\n\t\t\t<div class=\"elementor-widget-wrap elementor-element-populated\">\n\t\t\t\t\t\t<div class=\"elementor-element elementor-element-faf15ce elementor-widget elementor-widget-ova_box_feature_1\" data-id=\"faf15ce\" data-element_type=\"widget\" data-widget_type=\"ova_box_feature_1.default\">\n\t\t\t\t<div class=\"elementor-widget-container\">\n\t\t\t\n\t\t\t\t\t<a href=\"#\"  >\n\t\t\t\t<div class=\"ova_box_feature_1 version_2 \">\n\t\t\t\t\t<div class=\"item\">\n\t\t\t\t\t\t<div class=\"icon\">\n\t\t\t\t\t\t\t\t\t\t\t\t\t\t\t<i class=\"flaticon-car\"><\/i>\n\t\t\t\t\t\t\t\n\t\t\t\t\t\t\t\t\t\t\t\t\t\t\t<h1 class=\"number\">03<\/h1>\n\t\t\t\t\t\t\t\t\t\t\t\t\t<\/div>\n\t\t\t\t\t\t\n\t\t\t\t\t\t\t\t\t\t\t\t\t<div class=\"title\">\n\t\t\t\t\t\t\t\t<p class=\"second_font\">Adrese zaman\u0131nda teslimat<\/p>\n\t\t\t\t\t\t\t<\/div>\n\t\t\t\t\t\t\t\t\t\t\t<\/div>\n\t\t\t\t<\/div>\n\t\t\t<\/a>\n\t\t\t\t<\/div>\n\t\t\t\t<\/div>\n\t\t\t\t\t<\/div>\n\t\t<\/div>\n\t\t\t\t\t<\/div>\n\t\t<\/section>\n\t\t\t\t\t<\/div>\n\t\t<\/div>\n\t\t\t\t\t<\/div>\n\t\t<\/section>\n\t\t\t\t<section class=\"elementor-section elementor-top-section elementor-element elementor-element-a7155fb elementor-section-boxed elementor-section-height-default elementor-section-height-default\" data-id=\"a7155fb\" data-element_type=\"section\">\n\t\t\t\t\t\t<div class=\"elementor-container elementor-column-gap-default\">\n\t\t\t\t\t<div class=\"elementor-column elementor-col-50 elementor-top-column elementor-element elementor-element-7d192d5\" data-id=\"7d192d5\" data-element_type=\"column\">\n\t\t\t<div class=\"elementor-widget-wrap elementor-element-populated\">\n\t\t\t\t\t\t<div class=\"elementor-element elementor-element-40822f2 elementor-widget elementor-widget-image\" data-id=\"40822f2\" data-element_type=\"widget\" data-widget_type=\"image.default\">\n\t\t\t\t<div class=\"elementor-widget-container\">\n\t\t\t\t\t\t\t\t\t\t\t\t\t<img decoding=\"async\" width=\"1680\" height=\"1120\" src=\"https:\/\/www.cankayahaliyikama.net\/wp-content\/uploads\/2023\/05\/1649760726846759946.jpg\" class=\"attachment-full size-full wp-image-7804\" alt=\"\" srcset=\"https:\/\/www.cankayahaliyikama.net\/wp-content\/uploads\/2023\/05\/1649760726846759946.jpg 1680w, https:\/\/www.cankayahaliyikama.net\/wp-content\/uploads\/2023\/05\/1649760726846759946-300x200.jpg 300w, https:\/\/www.cankayahaliyikama.net\/wp-content\/uploads\/2023\/05\/1649760726846759946-1024x683.jpg 1024w, https:\/\/www.cankayahaliyikama.net\/wp-content\/uploads\/2023\/05\/1649760726846759946-768x512.jpg 768w, https:\/\/www.cankayahaliyikama.net\/wp-content\/uploads\/2023\/05\/1649760726846759946-1536x1024.jpg 1536w, https:\/\/www.cankayahaliyikama.net\/wp-content\/uploads\/2023\/05\/1649760726846759946-600x400.jpg 600w\" sizes=\"(max-width: 1680px) 100vw, 1680px\" \/>\t\t\t\t\t\t\t\t\t\t\t\t\t<\/div>\n\t\t\t\t<\/div>\n\t\t\t\t<div class=\"elementor-element elementor-element-cbaa2ab elementor-widget elementor-widget-ova_box_feature_1\" data-id=\"cbaa2ab\" data-element_type=\"widget\" data-widget_type=\"ova_box_feature_1.default\">\n\t\t\t\t<div class=\"elementor-widget-container\">\n\t\t\t\n\t\t\t\t\t\t\t\t\t<a href=\"#\"   >\n\t\t\t\t\t\t<div class=\"ova_boxes version_6\">\n\t\t\t\t<div class=\"item_v6\">\n\t\t\t\t\t\t\t\t\t<div class=\"icon\">\n\t\t\t\t\t\t<i class=\"flaticon-goal-1\"><\/i>\n\t\t\t\t\t<\/div>\n\t\t\t\t\t\t\t\t\t<div class=\"content\">\n\t\t\t\t\t\t\t\t\t\t\t\t\t<div class=\"title\">\n\t\t\t\t\t\t\t\t<h2 class=\"second_font\">20 Y\u0131ll\u0131k Tecr\u00fcbe<\/h2>\n\t\t\t\t\t\t\t<\/div>\n\t\t\t\t\t\t\t\t\t\t\t\t\t\t\t\t\t\t\t<div class=\"description\">\n\t\t\t\t\t\t\t\t<p>G\u00fcven ve Kalite<\/p>\n\t\t\t\t\t\t\t<\/div>\n\t\t\t\t\t\t\t\t\t\t\t<\/div>\n\t\t\t\t<\/div>\n\t\t\t<\/div>\n\t\t\t\t\t\t\t<\/a>\n\t\t\t\t\t\t\t<\/div>\n\t\t\t\t<\/div>\n\t\t\t\t<div class=\"elementor-element elementor-element-735ced1 elementor-widget__width-auto elementor-absolute elementor-hidden-tablet elementor-hidden-phone elementor-widget elementor-widget-image\" data-id=\"735ced1\" data-element_type=\"widget\" data-settings=\"{&quot;_position&quot;:&quot;absolute&quot;}\" data-widget_type=\"image.default\">\n\t\t\t\t<div class=\"elementor-widget-container\">\n\t\t\t\t\t\t\t\t\t\t\t\t\t<img decoding=\"async\" width=\"138\" height=\"74\" src=\"https:\/\/www.cankayahaliyikama.net\/wp-content\/uploads\/2021\/06\/Wave.png\" class=\"attachment-full size-full wp-image-6958\" alt=\"Wave\" \/>\t\t\t\t\t\t\t\t\t\t\t\t\t<\/div>\n\t\t\t\t<\/div>\n\t\t\t\t\t<\/div>\n\t\t<\/div>\n\t\t\t\t<div class=\"elementor-column elementor-col-50 elementor-top-column elementor-element elementor-element-73cf650\" data-id=\"73cf650\" data-element_type=\"column\">\n\t\t\t<div class=\"elementor-widget-wrap elementor-element-populated\">\n\t\t\t\t\t\t<div class=\"elementor-element elementor-element-9c7c143 elementor-widget elementor-widget-ova_heading\" data-id=\"9c7c143\" data-element_type=\"widget\" data-widget_type=\"ova_heading.default\">\n\t\t\t\t<div class=\"elementor-widget-container\">\n\t\t\t\t\t<div class=\"ova-heading\">\n\n\t\t\t\t\t\t\t<h5 class=\"sub_title second_font\">\u00c7ankaya Hal\u0131 Y\u0131kama Kurumsal<\/h5>\n\t\t\t\t\t\t\n\t\t\t\t\t\t\t<h5 class=\"title second_font\">\u00c7ankaya Hal\u0131 & Koltuk Y\u0131kama Kurulu\u015f Hedefine G\u00fcven Ve Kaliteyle Hizmet Edebilmek \u0130\u00e7in Emin  Ad\u0131mlarla \u0130lerlemektedir.<\/h5>\n\t\t\t\n\t\t\t\n\t\t<\/div>\n\t\t\t\t<\/div>\n\t\t\t\t<\/div>\n\t\t\t\t<div class=\"elementor-element elementor-element-e0fd4ec elementor-widget elementor-widget-text-editor\" data-id=\"e0fd4ec\" data-element_type=\"widget\" data-widget_type=\"text-editor.default\">\n\t\t\t\t<div class=\"elementor-widget-container\">\n\t\t\t\t\t\t\t<p style=\"text-align: justify;\">Sizleri memnun k\u0131lmak i\u00e7in t\u00fcm elindeki olanaklar\u0131 sunmu\u015f ve sunmaya devam etmektedir. Teknolojimiz tamamen yenilenmi\u015f makineler ile hijyeni en \u00fcst seviyede tutarak hizmet vermeye devam etmekteyiz. Kulland\u0131\u011f\u0131m\u0131z t\u00fcm \u015fampuan ve \u00fcr\u00fcnler, tamamen organik olup insan sa\u011fl\u0131\u011f\u0131na kesinlikle zarar vermeyen, do\u011fa da y\u00fcksek \u00e7\u00f6z\u00fcn\u00fcrl\u00fc\u011f\u00fc olan markalardan olu\u015fmaktad\u0131r.<\/p><p style=\"text-align: justify;\">U\u011fur Hal\u0131 &amp; Koltuk Y\u0131kama kurulu\u015f hedefine g\u00fcven ve kaliteyle hizmet edebilmek i\u00e7in emin ad\u0131mlarla ilerlemektedir.<br \/>U\u011fur Hal\u0131 &amp; Koltuk Y\u0131kama , ileri teknolojileri ve zaman y\u00f6netimini kullanarak \u00fcretti\u011fi \u00e7\u00f6z\u00fcmlerle standardlara , \u00e7evreye ve topluma sayg\u0131l\u0131 , h\u0131zl\u0131 ve d\u00fcr\u00fcst \u00e7al\u0131\u015fmay\u0131 ana hedef edinmi\u015ftir.<\/p>\t\t\t\t\t\t<\/div>\n\t\t\t\t<\/div>\n\t\t\t\t\t<\/div>\n\t\t<\/div>\n\t\t\t\t\t<\/div>\n\t\t<\/section>\n\t\t\t\t<\/div>\n\t\t","protected":false},"excerpt":{"rendered":"<p>01 M\u00fc\u015fteri Memnuniyeti 02 Modern ekipman ile y\u0131kama 03 Adrese zaman\u0131nda teslimat 20 Y\u0131ll\u0131k Tecr\u00fcbe G\u00fcven ve Kalite \u00c7ankaya Hal\u0131 Y\u0131kama Kurumsal \u00c7ankaya Hal\u0131 &#038; Koltuk Y\u0131kama Kurulu\u015f Hedefine G\u00fcven Ve Kaliteyle Hizmet Edebilmek \u0130\u00e7in Emin Ad\u0131mlarla \u0130lerlemektedir. Sizleri memnun k\u0131lmak i\u00e7in t\u00fcm elindeki olanaklar\u0131 sunmu\u015f ve sunmaya devam etmektedir. Teknolojimiz tamamen yenilenmi\u015f makineler ile [&hellip;]<\/p>\n","protected":false},"author":1,"featured_media":0,"parent":0,"menu_order":0,"comment_status":"closed","ping_status":"closed","template":"elementor_header_footer","meta":{"footnotes":""},"class_list":["post-496","page","type-page","status-publish","hentry"],"_links":{"self":[{"href":"https:\/\/www.cankayahaliyikama.net\/index.php\/wp-json\/wp\/v2\/pages\/496","targetHints":{"allow":["GET"]}}],"collection":[{"href":"https:\/\/www.cankayahaliyikama.net\/index.php\/wp-json\/wp\/v2\/pages"}],"about":[{"href":"https:\/\/www.cankayahaliyikama.net\/index.php\/wp-json\/wp\/v2\/types\/page"}],"author":[{"embeddable":true,"href":"https:\/\/www.cankayahaliyikama.net\/index.php\/wp-json\/wp\/v2\/users\/1"}],"replies":[{"embeddable":true,"href":"https:\/\/www.cankayahaliyikama.net\/index.php\/wp-json\/wp\/v2\/comments?post=496"}],"version-history":[{"count":8,"href":"https:\/\/www.cankayahaliyikama.net\/index.php\/wp-json\/wp\/v2\/pages\/496\/revisions"}],"predecessor-version":[{"id":7811,"href":"https:\/\/www.cankayahaliyikama.net\/index.php\/wp-json\/wp\/v2\/pages\/496\/revisions\/7811"}],"wp:attachment":[{"href":"https:\/\/www.cankayahaliyikama.net\/index.php\/wp-json\/wp\/v2\/media?parent=496"}],"curies":[{"name":"wp","href":"https:\/\/api.w.org\/{rel}","templated":true}]}}